{"id":64,"date":"2024-06-02T07:39:31","date_gmt":"2024-06-02T05:39:31","guid":{"rendered":"https:\/\/www.letalk-kereis.com\/?page_id=64"},"modified":"2024-10-14T13:58:37","modified_gmt":"2024-10-14T11:58:37","slug":"login","status":"publish","type":"page","link":"https:\/\/www.letalk-kereis.com\/en\/login\/","title":{"rendered":"Login"},"content":{"rendered":"<div class=\"wpb-content-wrapper\"><div class=\"vc_row wpb_row vc_row-fluid\"><div class=\"wpb_column vc_column_container vc_col-sm-12\"><div class=\"vc_column-inner\"><div class=\"wpb_wrapper\"><div class=\"vc_empty_space\"   style=\"height: 75px\"><span class=\"vc_empty_space_inner\"><\/span><\/div><\/div><\/div><\/div><\/div><div class=\"vc_row wpb_row vc_row-fluid\"><div class=\"wpb_column vc_column_container vc_col-sm-12\"><div class=\"vc_column-inner\"><div class=\"wpb_wrapper\">\n\t<div  class=\"wpb_single_image wpb_content_element vc_align_center wpb_content_element  img1\">\n\t\t\n\t\t<figure class=\"wpb_wrapper vc_figure\">\n\t\t\t<div class=\"vc_single_image-wrapper   vc_box_border_grey\"><img loading=\"lazy\" decoding=\"async\" width=\"300\" height=\"265\" src=\"https:\/\/www.letalk-kereis.com\/wp-content\/uploads\/logo_talk-300x265.png\" class=\"vc_single_image-img attachment-medium\" alt=\"\" title=\"logo_talk\" srcset=\"https:\/\/www.letalk-kereis.com\/wp-content\/uploads\/logo_talk-300x265.png 300w, https:\/\/www.letalk-kereis.com\/wp-content\/uploads\/logo_talk.png 691w\" sizes=\"auto, (max-width: 300px) 100vw, 300px\" \/><\/div>\n\t\t<\/figure>\n\t<\/div>\n<\/div><\/div><\/div><\/div><div class=\"vc_row wpb_row vc_row-fluid\"><div class=\"wpb_column vc_column_container vc_col-sm-12\"><div class=\"vc_column-inner\"><div class=\"wpb_wrapper\"><div class=\"vc_empty_space\"   style=\"height: 32px\"><span class=\"vc_empty_space_inner\"><\/span><\/div><\/div><\/div><\/div><\/div><div class=\"vc_row wpb_row vc_row-fluid\"><div class=\"wpb_column vc_column_container vc_col-sm-12\"><div class=\"vc_column-inner\"><div class=\"wpb_wrapper\">\n\t<div class=\"wpb_text_column wpb_content_element\" >\n\t\t<div class=\"wpb_wrapper\">\n\t\t\t<form id=\"opa-login-register\" class=\"opa-form\" method=\"post\" style=\"max-width: 600px; margin: 0 auto;\" action=\"\">\r\n\r\n    <input name=\"action\" type=\"hidden\" value=\"opa-login-register\" \/>\r\n\r\n    <div class=\"row middle-xs center-xs\" \">\r\n        <div class=\"col-xs-12\">\r\n            Enter your professional email address\r\n        <\/div>\r\n    <\/div>\r\n\r\n    <div class=\"row middle-xs center-xs\" \">\r\n        <div class=\"col-xs-12\">\r\n            <input id=\"email\" name=\"email\" type=\"text\" style=\"max-width: 300px;\" data-rule-required=\"true\" data-msg-required=\"Ce champ est requis\" data-rule-email=\"true\" data-msg-email=\"Veuillez entrer une adresse email valide\" \/>\r\n        <\/div>\r\n    <\/div>\r\n\r\n    <div class=\"row middle-xs center-xs\" style=\"margin-top: 25px;\">\r\n        <div class=\"col-xs-12\">\r\n            <button type=\"button\" class=\"opa-submit\" onclick=\"doSubmit()\">LOGIN<\/button>\r\n        <\/div>\r\n    <\/div>\r\n\r\n    <div id=\"divError\" class=\"row middle-xs center-xs\" style=\"margin-top: 25px;\">\r\n        <div class=\"col-xs-12\">\r\n            <p style=\"color: #e5221c;\">\r\n                Vous n'\u00eates pas autoris\u00e9s \u00e0 acc\u00e9der \u00e0 cette page. Pour toute question, veuillez contacter l'organisation : <a href=\"mailto:contact@letalk-kereis.com\" target=\"_blank\">contact@letalk-kereis.com<\/a>\r\n            <\/p>\r\n        <\/div>\r\n    <\/div>\r\n<input type=\"hidden\" name=\"trp-form-language\" value=\"en\"\/><\/form>\r\n\r\n<script>\r\n    function doSubmit() {\r\n        if (!jQuery('#opa-login-register').valid()) {\r\n            return;\r\n        }\r\n\r\n        var data = {\r\n            email: jQuery('#email').val()\r\n        };\r\n        jQuery('#divError').hide();\r\n        setWaitCursor(true);\r\n        jQuery.ajax({\r\n            type: \"post\",\r\n            dataType: \"json\",\r\n            url: \"https:\/\/www.letalk-kereis.com\/wp-admin\/admin-ajax.php\",\r\n            data: {\r\n                action: \"opa_check_login\",\r\n                data: JSON.stringify(data)\r\n            },\r\n            complete: function () {\r\n                setWaitCursor(false);\r\n            },\r\n            success: function (response) {\r\n                if (response.success) {\r\n                    jQuery('#opa-login-register').submit();\r\n                }\r\n                else {\r\n                    jQuery('#divError').show();\r\n                }\r\n            },\r\n            error: function (xhr, textStatus, error) {\r\n            }\r\n        });\r\n    }\r\n\r\n    function setWaitCursor(value) {\r\n        if (value) {\r\n            jQuery('body').addClass('wait');\r\n            jQuery('#opa-login-register button').prop('disabled', true);\r\n        }\r\n        else {\r\n            jQuery('body').removeClass('wait');\r\n            jQuery('#opa-login-register button').prop('disabled', false);\r\n        }\r\n    }\r\n\r\n    jQuery(document).ready(function () {\r\n        jQuery('#opa-login-register').validate();\r\n        jQuery('#divError').hide();\r\n    });\r\n<\/script>\r\n\n\n\t\t<\/div>\n\t<\/div>\n<\/div><\/div><\/div><\/div>\n<\/div>","protected":false},"excerpt":{"rendered":"CONNEXION Vous n'\u00eates pas autoris\u00e9s \u00e0 acc\u00e9der \u00e0 cette page. Pour toute question, veuillez contacter l'organisation : contact@letalk-kereis.com","protected":false},"author":1,"featured_media":0,"parent":0,"menu_order":0,"comment_status":"closed","ping_status":"closed","template":"","meta":{"site-sidebar-layout":"no-sidebar","site-content-layout":"plain-container","ast-site-content-layout":"default","site-content-style":"default","site-sidebar-style":"default","ast-global-header-display":"","ast-banner-title-visibility":"","ast-main-header-display":"","ast-hfb-above-header-display":"","ast-hfb-below-header-display":"","ast-hfb-mobile-header-display":"","site-post-title":"disabled","ast-breadcrumbs-content":"","ast-featured-img":"disabled","footer-sml-layout":"","ast-disable-related-posts":"","theme-transparent-header-meta":"default","adv-header-id-meta":"","stick-header-meta":"","header-above-stick-meta":"","header-main-stick-meta":"","header-below-stick-meta":"","astra-migrate-meta-layouts":"set","ast-page-background-enabled":"default","ast-page-background-meta":{"desktop":{"background-color":"var(--ast-global-color-4)","background-image":"","background-repeat":"repeat","background-position":"center center","background-size":"auto","background-attachment":"scroll","background-type":"","background-media":"","overlay-type":"","overlay-color":"","overlay-opacity":"","overlay-gradient":""},"tablet":{"background-color":"","background-image":"","background-repeat":"repeat","background-position":"center center","background-size":"auto","background-attachment":"scroll","background-type":"","background-media":"","overlay-type":"","overlay-color":"","overlay-opacity":"","overlay-gradient":""},"mobile":{"background-color":"","background-image":"","background-repeat":"repeat","background-position":"center center","background-size":"auto","background-attachment":"scroll","background-type":"","background-media":"","overlay-type":"","overlay-color":"","overlay-opacity":"","overlay-gradient":""}},"ast-content-background-meta":{"desktop":{"background-color":"var(--ast-global-color-5)","background-image":"","background-repeat":"repeat","background-position":"center center","background-size":"auto","background-attachment":"scroll","background-type":"","background-media":"","overlay-type":"","overlay-color":"","overlay-opacity":"","overlay-gradient":""},"tablet":{"background-color":"var(--ast-global-color-5)","background-image":"","background-repeat":"repeat","background-position":"center center","background-size":"auto","background-attachment":"scroll","background-type":"","background-media":"","overlay-type":"","overlay-color":"","overlay-opacity":"","overlay-gradient":""},"mobile":{"background-color":"var(--ast-global-color-5)","background-image":"","background-repeat":"repeat","background-position":"center center","background-size":"auto","background-attachment":"scroll","background-type":"","background-media":"","overlay-type":"","overlay-color":"","overlay-opacity":"","overlay-gradient":""}},"footnotes":""},"class_list":["post-64","page","type-page","status-publish","hentry"],"_links":{"self":[{"href":"https:\/\/www.letalk-kereis.com\/en\/wp-json\/wp\/v2\/pages\/64","targetHints":{"allow":["GET"]}}],"collection":[{"href":"https:\/\/www.letalk-kereis.com\/en\/wp-json\/wp\/v2\/pages"}],"about":[{"href":"https:\/\/www.letalk-kereis.com\/en\/wp-json\/wp\/v2\/types\/page"}],"author":[{"embeddable":true,"href":"https:\/\/www.letalk-kereis.com\/en\/wp-json\/wp\/v2\/users\/1"}],"replies":[{"embeddable":true,"href":"https:\/\/www.letalk-kereis.com\/en\/wp-json\/wp\/v2\/comments?post=64"}],"version-history":[{"count":7,"href":"https:\/\/www.letalk-kereis.com\/en\/wp-json\/wp\/v2\/pages\/64\/revisions"}],"predecessor-version":[{"id":207,"href":"https:\/\/www.letalk-kereis.com\/en\/wp-json\/wp\/v2\/pages\/64\/revisions\/207"}],"wp:attachment":[{"href":"https:\/\/www.letalk-kereis.com\/en\/wp-json\/wp\/v2\/media?parent=64"}],"curies":[{"name":"wp","href":"https:\/\/api.w.org\/{rel}","templated":true}]}}